{"id":2046,"date":"2017-02-02T20:16:06","date_gmt":"2017-02-02T18:16:06","guid":{"rendered":"http:\/\/www.haagiseabi.ee\/?page_id=2046\/"},"modified":"2017-02-02T20:35:34","modified_gmt":"2017-02-02T18:35:34","slug":"%d0%bf%d1%80%d0%b8%d1%86%d0%b5%d0%bf-eduard-zeus","status":"publish","type":"page","link":"https:\/\/www.haagiseabi.ee\/ru\/%d0%bf%d1%80%d0%b8%d1%86%d0%b5%d0%bf-eduard-zeus\/","title":{"rendered":"\u041f\u0440\u0438\u0446\u0435\u043f Eduard Zeus"},"content":{"rendered":"<p>ZEUS \u0443\u043d\u0438\u0432\u0435\u0440\u0441\u0430\u043b\u044c\u043d\u044b\u0435 \u043f\u0440\u0438\u0446\u0435\u043f-\u043f\u043b\u0430\u0442\u0444\u043e\u0440\u043c\u044b \u0441\u0438\u043b\u044c\u043d\u044b\u0435 \u0438 \u043a\u043e\u043c\u043f\u0430\u043a\u0442\u043d\u044b\u0435. \u041f\u0440\u0438\u0446\u0435\u043f \u043f\u043e\u0434\u0445\u043e\u0434\u0438\u0442 \u0434\u043b\u044f \u0442\u0440\u0430\u043d\u0441\u043f\u043e\u0440\u0442\u0438\u0440\u043e\u0432\u043a\u0438 \u0440\u0430\u0437\u043d\u044b\u0445 \u0442\u043e\u0432\u0430\u0440\u043e\u0432.\u00a0\u0412\u043e\u0437\u043c\u043e\u0436\u043d\u043e\u0441\u0442\u044c \u0434\u043e\u0431\u0430\u0432\u0438\u0442\u044c \u043b\u0435\u0431\u0435\u0434\u043a\u0443 \u0438 \u043f\u0430\u043d\u0434\u0443\u0441\u044b. \u0412 \u0434\u043e\u043f\u043e\u043b\u043d\u0438\u0442\u0435\u043b\u044c\u043d\u043e\u0435 \u043e\u0431\u043e\u0440\u0443\u0434\u043e\u0432\u0430\u043d\u0438\u0435 \u0438\u0434\u0435\u0442 \u0435\u0449\u0435 <span class=\"alt-edited\">\u043e\u043f\u043e\u0440\u043d\u044b\u0435 \u043d\u043e\u0436\u043a\u0438<\/span>, \u0434\u043e\u043f\u043e\u043b\u043d\u0438\u0442\u0435\u043b\u044c\u043d\u044b\u0435 \u0431\u043e\u0440\u0442\u0430, \u0440\u0435\u0448\u0435\u0442\u0447\u0430\u0442\u044b\u0435 \u0431\u043e\u0440\u0442\u0430, \u044f\u0449\u0438\u043a \u0434\u043b\u044f \u0440\u0435\u043c\u043d\u0435\u0438, <span class=\"alt-edited\">\u0442\u0435\u043d\u0442\u044b<\/span> \u0440\u0430\u0437\u043b\u0438\u0447\u043d\u043e\u0439 \u0432\u044b\u0441\u043e\u0442\u044b, 1,25\u043c \u043f\u043b\u0430\u0441\u0442\u0438\u043a\u043e\u0432\u0430\u044f \u043a\u0440\u044b\u0448\u043a\u0430 \u0434\u043b\u044f 310&#215;160, 1,0m \u043f\u043b\u0430\u0441\u0442\u0438\u043a\u043e\u0432\u0430\u044f \u043a\u0440\u044b\u0448\u043a\u0430 \u0434\u043b\u044f 330&#215;180, \u041d-\u043e\u0431\u0440\u0430\u0437\u043d\u044b\u0439 \u043e\u043f\u043e\u0440\u043d\u0430\u044f \u0440\u0430\u043c\u0430.<\/p>\n<table width=\"100%\" cellspacing=\"0\" cellpadding=\"2\">\n<tbody>\n<tr style=\"color: #fff; background-color: #ff0066;\">\n<td><\/td>\n<td><strong>Nimetus<\/strong><\/td>\n<td><strong>Lava m\u00f5\u00f5dud<\/strong><\/td>\n<td><strong>Laadimisk\u00f5rgus<\/strong><\/td>\n<td><strong>T\u00e4ismass<\/strong><\/td>\n<td><strong>Omakaal<\/strong><\/td>\n<td><strong>Kandev\u00f5ime<\/strong><\/td>\n<td><strong>Rehvid M+S<\/strong><\/td>\n<td><strong>Hind Km-ta<\/strong><\/td>\n<td><\/td>\n<\/tr>\n<tr style=\"color: #fff; background-color: #ff0066;\">\n<td><\/td>\n<td><strong>Name<\/strong><\/td>\n<td><strong>Dimensions<\/strong><\/td>\n<td><strong>Loading height<\/strong><\/td>\n<td><strong>Gross weight<\/strong><\/td>\n<td><strong>Own weight<\/strong><\/td>\n<td><strong>Load <\/strong><\/td>\n<td><strong>Tires M+S<\/strong><\/td>\n<td><strong>Price w\/o VAT<\/strong><\/td>\n<td><\/td>\n<\/tr>\n<tr>\n<td colspan=\"10\" height=\"5\"><\/td>\n<\/tr>\n<tr style=\"color: #fff; background-color: #ff0066; text-align: center;\">\n<td colspan=\"10\"><strong>310 x 160 cm<\/strong><\/td>\n<\/tr>\n<tr>\n<td>1.<\/td>\n<td>ZEUS 750<\/td>\n<td>310x<strong>160<\/strong><\/td>\n<td>72<\/td>\n<td>750<\/td>\n<td>317<\/td>\n<td>433<\/td>\n<td>155R13<\/td>\n<td>0<\/td>\n<td><a href=\"http:\/\/www.haagiseabi.ee\/kusi-pakkumist\/?target=ZEUS750-rida-1\">K\u00fcsi pakkumist<\/a><\/td>\n<\/tr>\n<tr style=\"background-color: #eee;\">\n<td>2.<\/td>\n<td>ZEUS 2000<\/td>\n<td>310x<strong>160<\/strong><\/td>\n<td>72<\/td>\n<td>2000<\/td>\n<td>429<\/td>\n<td>1571<\/td>\n<td>155R13<\/td>\n<td>0<\/td>\n<td><a href=\"http:\/\/www.haagiseabi.ee\/kusi-pakkumist\/?target=ZEUS2000-rida-2\">K\u00fcsi pakkumist<\/a><\/td>\n<\/tr>\n<tr>\n<td>3.<\/td>\n<td>ZEUS 2700<\/td>\n<td>310x<strong>160<\/strong><\/td>\n<td>72<\/td>\n<td>2700<\/td>\n<td>467<\/td>\n<td>2233<\/td>\n<td>165R13<\/td>\n<td>0<\/td>\n<td><a href=\"http:\/\/www.haagiseabi.ee\/kusi-pakkumist\/?target=ZEUS2700-rida-3\">K\u00fcsi pakkumist<\/a><\/td>\n<\/tr>\n<tr style=\"background-color: #eee;\">\n<td>4.<\/td>\n<td>ZEUS 2700<\/td>\n<td>310x<strong>160<\/strong><\/td>\n<td>66<\/td>\n<td>2700<\/td>\n<td>467<\/td>\n<td>2233<\/td>\n<td>195\/50 R13<\/td>\n<td>0<\/td>\n<td><a href=\"http:\/\/www.haagiseabi.ee\/kusi-pakkumist\/?target=ZEUS2700-rida-4\">K\u00fcsi pakkumist<\/a><\/td>\n<\/tr>\n<tr>\n<td colspan=\"10\" height=\"22\"><\/td>\n<\/tr>\n<tr style=\"background-color: #eee;\">\n<td colspan=\"8\">Rehvid\/tires 195\/55 R10 M+S laadimisk\u00f5rgus\/loading height 56cm (ei\/no 3500kg)<\/td>\n<td>+200<\/td>\n<td><\/td>\n<\/tr>\n<tr>\n<td colspan=\"8\">Alumiiniumported\/alu boards 40cm, 30cm asemele\/instead of<\/td>\n<td>+250<\/td>\n<td><\/td>\n<\/tr>\n<tr style=\"background-color: #eee;\">\n<td colspan=\"8\">Ilma 30cm portedeta\/with out boards<\/td>\n<td>-150<\/td>\n<td><\/td>\n<\/tr>\n<tr>\n<td colspan=\"8\">Integreeritud kaldteed ja vints mudelitele 2000-2700kg, lisakaal ca 100kg<\/td>\n<td>+550<\/td>\n<td><\/td>\n<\/tr>\n<tr>\n<td colspan=\"10\" height=\"22\"><\/td>\n<\/tr>\n<tr style=\"color: #fff; background-color: #ff0066; text-align: center;\">\n<td colspan=\"10\"><strong>330 x 180 cm<\/strong><\/td>\n<\/tr>\n<tr>\n<td>5.<\/td>\n<td>ZEUS 2000<\/td>\n<td>330x<strong>180<\/strong><\/td>\n<td>72<\/td>\n<td>2000<\/td>\n<td>481<\/td>\n<td>1519<\/td>\n<td>185\/70 R13<\/td>\n<td>0<\/td>\n<td><a href=\"http:\/\/www.haagiseabi.ee\/kusi-pakkumist\/?target=ZEUS2000-rida-5\">K\u00fcsi pakkumist<\/a><\/td>\n<\/tr>\n<tr style=\"background-color: #eee;\">\n<td>6.<\/td>\n<td>ZEUS 2700<\/td>\n<td>330x<strong>180<\/strong><\/td>\n<td>72<\/td>\n<td>2700<\/td>\n<td>519<\/td>\n<td>2181<\/td>\n<td>165R13<\/td>\n<td>0<\/td>\n<td><a href=\"http:\/\/www.haagiseabi.ee\/kusi-pakkumist\/?target=ZEUS2700-rida-6\">K\u00fcsi pakkumist<\/a><\/td>\n<\/tr>\n<tr>\n<td>7.<\/td>\n<td>ZEUS 2700<\/td>\n<td>330x<strong>180<\/strong><\/td>\n<td>66<\/td>\n<td>2700<\/td>\n<td>519<\/td>\n<td>2181<\/td>\n<td>195\/50 R13<\/td>\n<td>0<\/td>\n<td><a href=\"http:\/\/www.haagiseabi.ee\/kusi-pakkumist\/?target=ZEUS2700-rida-7\">K\u00fcsi pakkumist<\/a><\/td>\n<\/tr>\n<tr style=\"background-color: #eee;\">\n<td>8.<\/td>\n<td>ZEUS 3000<\/td>\n<td>330x<strong>180<\/strong><\/td>\n<td>63<\/td>\n<td>3000<\/td>\n<td>519<\/td>\n<td>2481<\/td>\n<td>195\/50 R13<\/td>\n<td>0<\/td>\n<td><a href=\"http:\/\/www.haagiseabi.ee\/kusi-pakkumist\/?target=ZEUS3000-rida-8\">K\u00fcsi pakkumist<\/a><\/td>\n<\/tr>\n<tr>\n<td>9.<\/td>\n<td>ZEUS 3500<\/td>\n<td>330x<strong>180<\/strong><\/td>\n<td>63<\/td>\n<td>3500<\/td>\n<td>560<\/td>\n<td>2940<\/td>\n<td>195\/50 R13<\/td>\n<td>0<\/td>\n<td><a href=\"http:\/\/www.haagiseabi.ee\/kusi-pakkumist\/?target=ZEUS3500-rida-9\">K\u00fcsi pakkumist<\/a><\/td>\n<\/tr>\n<tr>\n<td colspan=\"10\" height=\"22\"><\/td>\n<\/tr>\n<tr>\n<td colspan=\"8\">Rehvid\/tires 195\/55 R10 M+S laadimisk\u00f5rgus\/loading height 56cm<\/td>\n<td>+200<\/td>\n<td><\/td>\n<\/tr>\n<tr style=\"background-color: #eee;\">\n<td colspan=\"8\">Alumiiniumported\/alu boards 40cm<\/td>\n<td>+270<\/td>\n<td><\/td>\n<\/tr>\n<tr>\n<td colspan=\"8\">Ilma 30cm portedeta\/with out boards<\/td>\n<td>-150<\/td>\n<td><\/td>\n<\/tr>\n<tr style=\"background-color: #eee;\">\n<td colspan=\"8\">Integreeritud kaldteed ja vints mudelitele 2000-2700kg, lisakaal ca 100kg<\/td>\n<td>+550<\/td>\n<td><\/td>\n<\/tr>\n<tr>\n<td colspan=\"8\">Integreeritud kaldteed ja vints mudelile 3500kg, lisakaal ca 80kg<\/td>\n<td>+700<\/td>\n<td><\/td>\n<\/tr>\n<tr>\n<td colspan=\"10\" height=\"22\"><\/td>\n<\/tr>\n<\/tbody>\n<\/table>\n","protected":false},"excerpt":{"rendered":"<p>ZEUS \u0443\u043d\u0438\u0432\u0435\u0440\u0441\u0430\u043b\u044c\u043d\u044b\u0435 \u043f\u0440\u0438\u0446\u0435\u043f-\u043f\u043b\u0430\u0442\u0444\u043e\u0440\u043c\u044b \u0441\u0438\u043b\u044c\u043d\u044b\u0435 \u0438 \u043a\u043e\u043c\u043f\u0430\u043a\u0442\u043d\u044b\u0435. \u041f\u0440\u0438\u0446\u0435\u043f \u043f\u043e\u0434\u0445\u043e\u0434\u0438\u0442 \u0434\u043b\u044f \u0442\u0440\u0430\u043d\u0441\u043f\u043e\u0440\u0442\u0438\u0440\u043e\u0432\u043a\u0438 \u0440\u0430\u0437\u043d\u044b\u0445 \u0442\u043e\u0432\u0430\u0440\u043e\u0432.\u00a0\u0412\u043e\u0437\u043c\u043e\u0436\u043d\u043e\u0441\u0442\u044c \u0434\u043e\u0431\u0430\u0432\u0438\u0442\u044c \u043b\u0435\u0431\u0435\u0434\u043a\u0443 \u0438 \u043f\u0430\u043d\u0434\u0443\u0441\u044b. \u0412 \u0434\u043e\u043f\u043e\u043b\u043d\u0438\u0442\u0435\u043b\u044c\u043d\u043e\u0435 \u043e\u0431\u043e\u0440\u0443\u0434\u043e\u0432\u0430\u043d\u0438\u0435 \u0438\u0434\u0435\u0442 \u0435\u0449\u0435 \u043e\u043f\u043e\u0440\u043d\u044b\u0435 \u043d\u043e\u0436\u043a\u0438, \u0434\u043e\u043f\u043e\u043b\u043d\u0438\u0442\u0435\u043b\u044c\u043d\u044b\u0435 \u0431\u043e\u0440\u0442\u0430, \u0440\u0435\u0448\u0435\u0442\u0447\u0430\u0442\u044b\u0435 \u0431\u043e\u0440\u0442\u0430, \u044f\u0449\u0438\u043a \u0434\u043b\u044f \u0440\u0435\u043c\u043d\u0435\u0438, \u0442\u0435\u043d\u0442\u044b \u0440\u0430\u0437\u043b\u0438\u0447\u043d\u043e\u0439 \u0432\u044b\u0441\u043e\u0442\u044b, 1,25\u043c \u043f\u043b\u0430\u0441\u0442\u0438\u043a\u043e\u0432\u0430\u044f \u043a\u0440\u044b\u0448\u043a\u0430 \u0434\u043b\u044f 310&#215;160, 1,0m \u043f\u043b\u0430\u0441\u0442\u0438\u043a\u043e\u0432\u0430\u044f \u043a\u0440\u044b\u0448\u043a\u0430 \u0434\u043b\u044f 330&#215;180, \u041d-\u043e\u0431\u0440\u0430\u0437\u043d\u044b\u0439 \u043e\u043f\u043e\u0440\u043d\u0430\u044f \u0440\u0430\u043c\u0430. Nimetus Lava m\u00f5\u00f5dud Laadimisk\u00f5rgus T\u00e4ismass Omakaal Kandev\u00f5ime Rehvid M+S [&hellip;]<\/p>\n","protected":false},"author":1,"featured_media":0,"parent":0,"menu_order":0,"comment_status":"closed","ping_status":"closed","template":"","meta":{"_exactmetrics_skip_tracking":false,"_exactmetrics_sitenote_active":false,"_exactmetrics_sitenote_note":"","_exactmetrics_sitenote_category":0,"footnotes":""},"class_list":["post-2046","page","type-page","status-publish","hentry"],"yoast_head":"<!-- This site is optimized with the Yoast SEO plugin v26.2 - https:\/\/yoast.com\/wordpress\/plugins\/seo\/ -->\n<title>\u041f\u0440\u0438\u0446\u0435\u043f Eduard Zeus - haagised<\/title>\n<meta name=\"robots\" content=\"index, follow, max-snippet:-1, max-image-preview:large, max-video-preview:-1\" \/>\n<link rel=\"canonical\" href=\"https:\/\/www.haagiseabi.ee\/ru\/\u043f\u0440\u0438\u0446\u0435\u043f-eduard-zeus\/\" \/>\n<meta property=\"og:locale\" content=\"ru_RU\" \/>\n<meta property=\"og:type\" content=\"article\" \/>\n<meta property=\"og:title\" content=\"\u041f\u0440\u0438\u0446\u0435\u043f Eduard Zeus - haagised\" \/>\n<meta property=\"og:description\" content=\"ZEUS \u0443\u043d\u0438\u0432\u0435\u0440\u0441\u0430\u043b\u044c\u043d\u044b\u0435 \u043f\u0440\u0438\u0446\u0435\u043f-\u043f\u043b\u0430\u0442\u0444\u043e\u0440\u043c\u044b \u0441\u0438\u043b\u044c\u043d\u044b\u0435 \u0438 \u043a\u043e\u043c\u043f\u0430\u043a\u0442\u043d\u044b\u0435. \u041f\u0440\u0438\u0446\u0435\u043f \u043f\u043e\u0434\u0445\u043e\u0434\u0438\u0442 \u0434\u043b\u044f \u0442\u0440\u0430\u043d\u0441\u043f\u043e\u0440\u0442\u0438\u0440\u043e\u0432\u043a\u0438 \u0440\u0430\u0437\u043d\u044b\u0445 \u0442\u043e\u0432\u0430\u0440\u043e\u0432.\u00a0\u0412\u043e\u0437\u043c\u043e\u0436\u043d\u043e\u0441\u0442\u044c \u0434\u043e\u0431\u0430\u0432\u0438\u0442\u044c \u043b\u0435\u0431\u0435\u0434\u043a\u0443 \u0438 \u043f\u0430\u043d\u0434\u0443\u0441\u044b. \u0412 \u0434\u043e\u043f\u043e\u043b\u043d\u0438\u0442\u0435\u043b\u044c\u043d\u043e\u0435 \u043e\u0431\u043e\u0440\u0443\u0434\u043e\u0432\u0430\u043d\u0438\u0435 \u0438\u0434\u0435\u0442 \u0435\u0449\u0435 \u043e\u043f\u043e\u0440\u043d\u044b\u0435 \u043d\u043e\u0436\u043a\u0438, \u0434\u043e\u043f\u043e\u043b\u043d\u0438\u0442\u0435\u043b\u044c\u043d\u044b\u0435 \u0431\u043e\u0440\u0442\u0430, \u0440\u0435\u0448\u0435\u0442\u0447\u0430\u0442\u044b\u0435 \u0431\u043e\u0440\u0442\u0430, \u044f\u0449\u0438\u043a \u0434\u043b\u044f \u0440\u0435\u043c\u043d\u0435\u0438, \u0442\u0435\u043d\u0442\u044b \u0440\u0430\u0437\u043b\u0438\u0447\u043d\u043e\u0439 \u0432\u044b\u0441\u043e\u0442\u044b, 1,25\u043c \u043f\u043b\u0430\u0441\u0442\u0438\u043a\u043e\u0432\u0430\u044f \u043a\u0440\u044b\u0448\u043a\u0430 \u0434\u043b\u044f 310&#215;160, 1,0m \u043f\u043b\u0430\u0441\u0442\u0438\u043a\u043e\u0432\u0430\u044f \u043a\u0440\u044b\u0448\u043a\u0430 \u0434\u043b\u044f 330&#215;180, \u041d-\u043e\u0431\u0440\u0430\u0437\u043d\u044b\u0439 \u043e\u043f\u043e\u0440\u043d\u0430\u044f \u0440\u0430\u043c\u0430. Nimetus Lava m\u00f5\u00f5dud Laadimisk\u00f5rgus T\u00e4ismass Omakaal Kandev\u00f5ime Rehvid M+S [&hellip;]\" \/>\n<meta property=\"og:url\" content=\"https:\/\/www.haagiseabi.ee\/ru\/\u043f\u0440\u0438\u0446\u0435\u043f-eduard-zeus\/\" \/>\n<meta property=\"og:site_name\" content=\"haagised\" \/>\n<meta property=\"article:publisher\" content=\"https:\/\/www.facebook.com\/haagiseabi\" \/>\n<meta property=\"article:modified_time\" content=\"2017-02-02T18:35:34+00:00\" \/>\n<meta name=\"twitter:label1\" content=\"\u041f\u0440\u0438\u043c\u0435\u0440\u043d\u043e\u0435 \u0432\u0440\u0435\u043c\u044f \u0434\u043b\u044f \u0447\u0442\u0435\u043d\u0438\u044f\" \/>\n\t<meta name=\"twitter:data1\" content=\"1 \u043c\u0438\u043d\u0443\u0442\u0430\" \/>\n<script type=\"application\/ld+json\" class=\"yoast-schema-graph\">{\"@context\":\"https:\/\/schema.org\",\"@graph\":[{\"@type\":\"WebPage\",\"@id\":\"https:\/\/www.haagiseabi.ee\/ru\/%d0%bf%d1%80%d0%b8%d1%86%d0%b5%d0%bf-eduard-zeus\/\",\"url\":\"https:\/\/www.haagiseabi.ee\/ru\/%d0%bf%d1%80%d0%b8%d1%86%d0%b5%d0%bf-eduard-zeus\/\",\"name\":\"\u041f\u0440\u0438\u0446\u0435\u043f Eduard Zeus - haagised\",\"isPartOf\":{\"@id\":\"https:\/\/www.haagiseabi.ee\/#website\"},\"datePublished\":\"2017-02-02T18:16:06+00:00\",\"dateModified\":\"2017-02-02T18:35:34+00:00\",\"breadcrumb\":{\"@id\":\"https:\/\/www.haagiseabi.ee\/ru\/%d0%bf%d1%80%d0%b8%d1%86%d0%b5%d0%bf-eduard-zeus\/#breadcrumb\"},\"inLanguage\":\"ru-RU\",\"potentialAction\":[{\"@type\":\"ReadAction\",\"target\":[\"https:\/\/www.haagiseabi.ee\/ru\/%d0%bf%d1%80%d0%b8%d1%86%d0%b5%d0%bf-eduard-zeus\/\"]}]},{\"@type\":\"BreadcrumbList\",\"@id\":\"https:\/\/www.haagiseabi.ee\/ru\/%d0%bf%d1%80%d0%b8%d1%86%d0%b5%d0%bf-eduard-zeus\/#breadcrumb\",\"itemListElement\":[{\"@type\":\"ListItem\",\"position\":1,\"name\":\"Home\",\"item\":\"https:\/\/www.haagiseabi.ee\/ru\/\"},{\"@type\":\"ListItem\",\"position\":2,\"name\":\"\u041f\u0440\u0438\u0446\u0435\u043f Eduard Zeus\"}]},{\"@type\":\"WebSite\",\"@id\":\"https:\/\/www.haagiseabi.ee\/#website\",\"url\":\"https:\/\/www.haagiseabi.ee\/\",\"name\":\"haagised\",\"description\":\"Haagiseabi\",\"publisher\":{\"@id\":\"https:\/\/www.haagiseabi.ee\/#organization\"},\"potentialAction\":[{\"@type\":\"SearchAction\",\"target\":{\"@type\":\"EntryPoint\",\"urlTemplate\":\"https:\/\/www.haagiseabi.ee\/?s={search_term_string}\"},\"query-input\":{\"@type\":\"PropertyValueSpecification\",\"valueRequired\":true,\"valueName\":\"search_term_string\"}}],\"inLanguage\":\"ru-RU\"},{\"@type\":\"Organization\",\"@id\":\"https:\/\/www.haagiseabi.ee\/#organization\",\"name\":\"Haagiseabi\",\"url\":\"https:\/\/www.haagiseabi.ee\/\",\"logo\":{\"@type\":\"ImageObject\",\"inLanguage\":\"ru-RU\",\"@id\":\"https:\/\/www.haagiseabi.ee\/#\/schema\/logo\/image\/\",\"url\":\"https:\/\/www.haagiseabi.ee\/wp-content\/uploads\/2020\/09\/logo-1.png\",\"contentUrl\":\"https:\/\/www.haagiseabi.ee\/wp-content\/uploads\/2020\/09\/logo-1.png\",\"width\":858,\"height\":316,\"caption\":\"Haagiseabi\"},\"image\":{\"@id\":\"https:\/\/www.haagiseabi.ee\/#\/schema\/logo\/image\/\"},\"sameAs\":[\"https:\/\/www.facebook.com\/haagiseabi\"]}]}<\/script>\n<!-- \/ Yoast SEO plugin. -->","yoast_head_json":{"title":"\u041f\u0440\u0438\u0446\u0435\u043f Eduard Zeus - haagised","robots":{"index":"index","follow":"follow","max-snippet":"max-snippet:-1","max-image-preview":"max-image-preview:large","max-video-preview":"max-video-preview:-1"},"canonical":"https:\/\/www.haagiseabi.ee\/ru\/\u043f\u0440\u0438\u0446\u0435\u043f-eduard-zeus\/","og_locale":"ru_RU","og_type":"article","og_title":"\u041f\u0440\u0438\u0446\u0435\u043f Eduard Zeus - haagised","og_description":"ZEUS \u0443\u043d\u0438\u0432\u0435\u0440\u0441\u0430\u043b\u044c\u043d\u044b\u0435 \u043f\u0440\u0438\u0446\u0435\u043f-\u043f\u043b\u0430\u0442\u0444\u043e\u0440\u043c\u044b \u0441\u0438\u043b\u044c\u043d\u044b\u0435 \u0438 \u043a\u043e\u043c\u043f\u0430\u043a\u0442\u043d\u044b\u0435. \u041f\u0440\u0438\u0446\u0435\u043f \u043f\u043e\u0434\u0445\u043e\u0434\u0438\u0442 \u0434\u043b\u044f \u0442\u0440\u0430\u043d\u0441\u043f\u043e\u0440\u0442\u0438\u0440\u043e\u0432\u043a\u0438 \u0440\u0430\u0437\u043d\u044b\u0445 \u0442\u043e\u0432\u0430\u0440\u043e\u0432.\u00a0\u0412\u043e\u0437\u043c\u043e\u0436\u043d\u043e\u0441\u0442\u044c \u0434\u043e\u0431\u0430\u0432\u0438\u0442\u044c \u043b\u0435\u0431\u0435\u0434\u043a\u0443 \u0438 \u043f\u0430\u043d\u0434\u0443\u0441\u044b. \u0412 \u0434\u043e\u043f\u043e\u043b\u043d\u0438\u0442\u0435\u043b\u044c\u043d\u043e\u0435 \u043e\u0431\u043e\u0440\u0443\u0434\u043e\u0432\u0430\u043d\u0438\u0435 \u0438\u0434\u0435\u0442 \u0435\u0449\u0435 \u043e\u043f\u043e\u0440\u043d\u044b\u0435 \u043d\u043e\u0436\u043a\u0438, \u0434\u043e\u043f\u043e\u043b\u043d\u0438\u0442\u0435\u043b\u044c\u043d\u044b\u0435 \u0431\u043e\u0440\u0442\u0430, \u0440\u0435\u0448\u0435\u0442\u0447\u0430\u0442\u044b\u0435 \u0431\u043e\u0440\u0442\u0430, \u044f\u0449\u0438\u043a \u0434\u043b\u044f \u0440\u0435\u043c\u043d\u0435\u0438, \u0442\u0435\u043d\u0442\u044b \u0440\u0430\u0437\u043b\u0438\u0447\u043d\u043e\u0439 \u0432\u044b\u0441\u043e\u0442\u044b, 1,25\u043c \u043f\u043b\u0430\u0441\u0442\u0438\u043a\u043e\u0432\u0430\u044f \u043a\u0440\u044b\u0448\u043a\u0430 \u0434\u043b\u044f 310&#215;160, 1,0m \u043f\u043b\u0430\u0441\u0442\u0438\u043a\u043e\u0432\u0430\u044f \u043a\u0440\u044b\u0448\u043a\u0430 \u0434\u043b\u044f 330&#215;180, \u041d-\u043e\u0431\u0440\u0430\u0437\u043d\u044b\u0439 \u043e\u043f\u043e\u0440\u043d\u0430\u044f \u0440\u0430\u043c\u0430. Nimetus Lava m\u00f5\u00f5dud Laadimisk\u00f5rgus T\u00e4ismass Omakaal Kandev\u00f5ime Rehvid M+S [&hellip;]","og_url":"https:\/\/www.haagiseabi.ee\/ru\/\u043f\u0440\u0438\u0446\u0435\u043f-eduard-zeus\/","og_site_name":"haagised","article_publisher":"https:\/\/www.facebook.com\/haagiseabi","article_modified_time":"2017-02-02T18:35:34+00:00","twitter_misc":{"\u041f\u0440\u0438\u043c\u0435\u0440\u043d\u043e\u0435 \u0432\u0440\u0435\u043c\u044f \u0434\u043b\u044f \u0447\u0442\u0435\u043d\u0438\u044f":"1 \u043c\u0438\u043d\u0443\u0442\u0430"},"schema":{"@context":"https:\/\/schema.org","@graph":[{"@type":"WebPage","@id":"https:\/\/www.haagiseabi.ee\/ru\/%d0%bf%d1%80%d0%b8%d1%86%d0%b5%d0%bf-eduard-zeus\/","url":"https:\/\/www.haagiseabi.ee\/ru\/%d0%bf%d1%80%d0%b8%d1%86%d0%b5%d0%bf-eduard-zeus\/","name":"\u041f\u0440\u0438\u0446\u0435\u043f Eduard Zeus - haagised","isPartOf":{"@id":"https:\/\/www.haagiseabi.ee\/#website"},"datePublished":"2017-02-02T18:16:06+00:00","dateModified":"2017-02-02T18:35:34+00:00","breadcrumb":{"@id":"https:\/\/www.haagiseabi.ee\/ru\/%d0%bf%d1%80%d0%b8%d1%86%d0%b5%d0%bf-eduard-zeus\/#breadcrumb"},"inLanguage":"ru-RU","potentialAction":[{"@type":"ReadAction","target":["https:\/\/www.haagiseabi.ee\/ru\/%d0%bf%d1%80%d0%b8%d1%86%d0%b5%d0%bf-eduard-zeus\/"]}]},{"@type":"BreadcrumbList","@id":"https:\/\/www.haagiseabi.ee\/ru\/%d0%bf%d1%80%d0%b8%d1%86%d0%b5%d0%bf-eduard-zeus\/#breadcrumb","itemListElement":[{"@type":"ListItem","position":1,"name":"Home","item":"https:\/\/www.haagiseabi.ee\/ru\/"},{"@type":"ListItem","position":2,"name":"\u041f\u0440\u0438\u0446\u0435\u043f Eduard Zeus"}]},{"@type":"WebSite","@id":"https:\/\/www.haagiseabi.ee\/#website","url":"https:\/\/www.haagiseabi.ee\/","name":"haagised","description":"Haagiseabi","publisher":{"@id":"https:\/\/www.haagiseabi.ee\/#organization"},"potentialAction":[{"@type":"SearchAction","target":{"@type":"EntryPoint","urlTemplate":"https:\/\/www.haagiseabi.ee\/?s={search_term_string}"},"query-input":{"@type":"PropertyValueSpecification","valueRequired":true,"valueName":"search_term_string"}}],"inLanguage":"ru-RU"},{"@type":"Organization","@id":"https:\/\/www.haagiseabi.ee\/#organization","name":"Haagiseabi","url":"https:\/\/www.haagiseabi.ee\/","logo":{"@type":"ImageObject","inLanguage":"ru-RU","@id":"https:\/\/www.haagiseabi.ee\/#\/schema\/logo\/image\/","url":"https:\/\/www.haagiseabi.ee\/wp-content\/uploads\/2020\/09\/logo-1.png","contentUrl":"https:\/\/www.haagiseabi.ee\/wp-content\/uploads\/2020\/09\/logo-1.png","width":858,"height":316,"caption":"Haagiseabi"},"image":{"@id":"https:\/\/www.haagiseabi.ee\/#\/schema\/logo\/image\/"},"sameAs":["https:\/\/www.facebook.com\/haagiseabi"]}]}},"_links":{"self":[{"href":"https:\/\/www.haagiseabi.ee\/ru\/wp-json\/wp\/v2\/pages\/2046","targetHints":{"allow":["GET"]}}],"collection":[{"href":"https:\/\/www.haagiseabi.ee\/ru\/wp-json\/wp\/v2\/pages"}],"about":[{"href":"https:\/\/www.haagiseabi.ee\/ru\/wp-json\/wp\/v2\/types\/page"}],"author":[{"embeddable":true,"href":"https:\/\/www.haagiseabi.ee\/ru\/wp-json\/wp\/v2\/users\/1"}],"replies":[{"embeddable":true,"href":"https:\/\/www.haagiseabi.ee\/ru\/wp-json\/wp\/v2\/comments?post=2046"}],"version-history":[{"count":3,"href":"https:\/\/www.haagiseabi.ee\/ru\/wp-json\/wp\/v2\/pages\/2046\/revisions"}],"predecessor-version":[{"id":2049,"href":"https:\/\/www.haagiseabi.ee\/ru\/wp-json\/wp\/v2\/pages\/2046\/revisions\/2049"}],"wp:attachment":[{"href":"https:\/\/www.haagiseabi.ee\/ru\/wp-json\/wp\/v2\/media?parent=2046"}],"curies":[{"name":"wp","href":"https:\/\/api.w.org\/{rel}","templated":true}]}}